{"id":73,"date":"2022-11-22T16:11:29","date_gmt":"2022-11-22T16:11:29","guid":{"rendered":"http:\/\/posthumusgorredijk.nl\/about-us-2\/"},"modified":"2022-12-27T15:48:21","modified_gmt":"2022-12-27T15:48:21","slug":"over-ons","status":"publish","type":"page","link":"https:\/\/posthumusgorredijk.nl\/frl\/over-ons\/","title":{"rendered":"Oer \u00fas"},"content":{"rendered":"<div data-elementor-type=\"wp-page\" data-elementor-id=\"73\" class=\"elementor elementor-73\">\n\t\t\t\t\t\t\t\t\t<section class=\"elementor-section elementor-top-section elementor-element elementor-element-95152d2 elementor-section-full_width elementor-section-height-default elementor-section-height-default\" data-id=\"95152d2\" data-element_type=\"section\" data-settings=\"{&quot;background_background&quot;:&quot;classic&quot;}\">\n\t\t\t\t\t\t\t<div class=\"elementor-background-overlay\"><\/div>\n\t\t\t\t\t\t\t<div class=\"elementor-container elementor-column-gap-no\">\n\t\t\t\t\t<div class=\"elementor-column elementor-col-100 elementor-top-column elementor-element elementor-element-5816e503\" data-id=\"5816e503\" data-element_type=\"column\">\n\t\t\t<div class=\"elementor-widget-wrap elementor-element-populated\">\n\t\t\t\t\t\t\t\t<div class=\"elementor-element elementor-element-0c7b4e8 elementor-widget elementor-widget-heading\" data-id=\"0c7b4e8\" data-element_type=\"widget\" data-widget_type=\"heading.default\">\n\t\t\t\t<div class=\"elementor-widget-container\">\n\t\t\t<style>\/*! elementor - v3.8.1 - 13-11-2022 *\/\n.elementor-heading-title{padding:0;margin:0;line-height:1}.elementor-widget-heading .elementor-heading-title[class*=elementor-size-]>a{color:inherit;font-size:inherit;line-height:inherit}.elementor-widget-heading .elementor-heading-title.elementor-size-small{font-size:15px}.elementor-widget-heading .elementor-heading-title.elementor-size-medium{font-size:19px}.elementor-widget-heading .elementor-heading-title.elementor-size-large{font-size:29px}.elementor-widget-heading .elementor-heading-title.elementor-size-xl{font-size:39px}.elementor-widget-heading .elementor-heading-title.elementor-size-xxl{font-size:59px}<\/style><h2 class=\"elementor-heading-title elementor-size-default\">Oer \u00fas<\/h2>\t\t<\/div>\n\t\t\t\t<\/div>\n\t\t\t\t\t<\/div>\n\t\t<\/div>\n\t\t\t\t\t\t\t<\/div>\n\t\t<\/section>\n\t\t\t\t<section class=\"elementor-section elementor-top-section elementor-element elementor-element-7c1a1c02 elementor-section-boxed elementor-section-height-default elementor-section-height-default\" data-id=\"7c1a1c02\" data-element_type=\"section\">\n\t\t\t\t\t\t\t<div class=\"elementor-background-overlay\"><\/div>\n\t\t\t\t\t\t\t<div class=\"elementor-container elementor-column-gap-no\">\n\t\t\t\t\t<div class=\"elementor-column elementor-col-50 elementor-top-column elementor-element elementor-element-4f8bfe25\" data-id=\"4f8bfe25\" data-element_type=\"column\">\n\t\t\t<div class=\"elementor-widget-wrap elementor-element-populated\">\n\t\t\t\t\t\t\t\t<div class=\"elementor-element elementor-element-2ef6b232 elementor-widget elementor-widget-heading\" data-id=\"2ef6b232\" data-element_type=\"widget\" data-widget_type=\"heading.default\">\n\t\t\t\t<div class=\"elementor-widget-container\">\n\t\t\t<h5 class=\"elementor-heading-title elementor-size-default\">Oer Posthumus Ynstallaasjebedriuw Gerdyk<\/h5>\t\t<\/div>\n\t\t\t\t<\/div>\n\t\t\t\t<div class=\"elementor-element elementor-element-4233eb0a elementor-widget elementor-widget-heading\" data-id=\"4233eb0a\" data-element_type=\"widget\" data-widget_type=\"heading.default\">\n\t\t\t\t<div class=\"elementor-widget-container\">\n\t\t\t<h2 class=\"elementor-heading-title elementor-size-default\">WA BINNE WY?<\/h2>\t\t<\/div>\n\t\t\t\t<\/div>\n\t\t\t\t<div class=\"elementor-element elementor-element-7a555ce0 elementor-widget elementor-widget-text-editor\" data-id=\"7a555ce0\" data-element_type=\"widget\" data-widget_type=\"text-editor.default\">\n\t\t\t\t<div class=\"elementor-widget-container\">\n\t\t\t<style>\/*! elementor - v3.8.1 - 13-11-2022 *\/\n.elementor-widget-text-editor.elementor-drop-cap-view-stacked .elementor-drop-cap{background-color:#818a91;color:#fff}.elementor-widget-text-editor.elementor-drop-cap-view-framed .elementor-drop-cap{color:#818a91;border:3px solid;background-color:transparent}.elementor-widget-text-editor:not(.elementor-drop-cap-view-default) .elementor-drop-cap{margin-top:8px}.elementor-widget-text-editor:not(.elementor-drop-cap-view-default) .elementor-drop-cap-letter{width:1em;height:1em}.elementor-widget-text-editor .elementor-drop-cap{float:left;text-align:center;line-height:1;font-size:50px}.elementor-widget-text-editor .elementor-drop-cap-letter{display:inline-block}<\/style>\t\t\t\t<p class=\" translation-block\">Ik (Janco Posthumus) bin 36 jier en wurkje al s\u00fbnt myn 16e yn de ynstallaasjetechnyk. Beg\u00fbn as staazjerinner by in ynstallaasjebedriuw yn Drachten en \u00fatgroeid ta in selsstannich allround ynstallaasjebedriuw. Nei\u2019t ik fan 2016 \u00f4f hast tsien jier as erkend ynstallateur wurke hie, besleat ik yn 2015 it roer om te smiten en wat oars dwaan te gean. Sadwaande bin ik oan it wurk gien by in br\u00e2nblusserbedriuw as \u00fbnderh\u00e2ldsmonteur. Dat wurk f\u00fbn ik ek wol moai, allinnich de alsidichheid en de \u00fatdaging fan de ynstallaasjetechnyk miste ik echt hiel bot! D\u00earom bin ik op 1 maart 2019 tegearre mei myn oarehelte \u00fateinset mei \u201cYnstallaasjetechnyk Posthumus\u201d en runne wy s\u00fbnt dy tiid in Allround Ynstallaasjebedriuw foar de wurksumheden: Gas, Wetter, CV\/Underh\u00e2ld, Elektra, Dak-\/Sinkwurk, Airco\u2019s, Waarmtepompen en Badkeamer-\/Wc-renovaasje.<\/p>\t\t\t\t\t\t<\/div>\n\t\t\t\t<\/div>\n\t\t\t\t\t<\/div>\n\t\t<\/div>\n\t\t\t\t<div class=\"elementor-column elementor-col-50 elementor-top-column elementor-element elementor-element-30fe8063 elementor-hidden-tablet\" data-id=\"30fe8063\" data-element_type=\"column\">\n\t\t\t<div class=\"elementor-widget-wrap elementor-element-populated\">\n\t\t\t\t\t\t\t\t<div class=\"elementor-element elementor-element-6144d790 elementor-hidden-mobile elementor-hidden-tablet elementor-widget elementor-widget-image\" data-id=\"6144d790\" data-element_type=\"widget\" data-widget_type=\"image.default\">\n\t\t\t\t<div class=\"elementor-widget-container\">\n\t\t\t<style>\/*! elementor - v3.8.1 - 13-11-2022 *\/\n.elementor-widget-image{text-align:center}.elementor-widget-image a{display:inline-block}.elementor-widget-image a img[src$=\".svg\"]{width:48px}.elementor-widget-image img{vertical-align:middle;display:inline-block}<\/style>\t\t\t\t\t\t\t\t\t\t\t\t<img loading=\"lazy\" decoding=\"async\" width=\"2000\" height=\"1324\" src=\"https:\/\/posthumusgorredijk.nl\/wp-content\/uploads\/2022\/11\/modern-brown-roof-made-of-metal-corrugated-metal-roof-and-metal-1.jpg\" class=\"attachment-full size-full\" alt=\"\" srcset=\"https:\/\/posthumusgorredijk.nl\/wp-content\/uploads\/2022\/11\/modern-brown-roof-made-of-metal-corrugated-metal-roof-and-metal-1.jpg 2000w, https:\/\/posthumusgorredijk.nl\/wp-content\/uploads\/2022\/11\/modern-brown-roof-made-of-metal-corrugated-metal-roof-and-metal-1-300x199.jpg 300w, https:\/\/posthumusgorredijk.nl\/wp-content\/uploads\/2022\/11\/modern-brown-roof-made-of-metal-corrugated-metal-roof-and-metal-1-1024x678.jpg 1024w, https:\/\/posthumusgorredijk.nl\/wp-content\/uploads\/2022\/11\/modern-brown-roof-made-of-metal-corrugated-metal-roof-and-metal-1-768x508.jpg 768w, https:\/\/posthumusgorredijk.nl\/wp-content\/uploads\/2022\/11\/modern-brown-roof-made-of-metal-corrugated-metal-roof-and-metal-1-1536x1017.jpg 1536w\" sizes=\"(max-width: 2000px) 100vw, 2000px\" \/>\t\t\t\t\t\t\t\t\t\t\t\t\t\t\t<\/div>\n\t\t\t\t<\/div>\n\t\t\t\t\t<\/div>\n\t\t<\/div>\n\t\t\t\t\t\t\t<\/div>\n\t\t<\/section>\n\t\t\t\t<section class=\"elementor-section elementor-top-section elementor-element elementor-element-ce0d42 elementor-section-full_width elementor-section-height-default elementor-section-height-default\" data-id=\"ce0d42\" data-element_type=\"section\" data-settings=\"{&quot;background_background&quot;:&quot;classic&quot;}\">\n\t\t\t\t\t\t<div class=\"elementor-container elementor-column-gap-no\">\n\t\t\t\t\t<div class=\"elementor-column elementor-col-50 elementor-top-column elementor-element elementor-element-3f4205da animated-slow elementor-hidden-mobile elementor-invisible\" data-id=\"3f4205da\" data-element_type=\"column\" data-settings=\"{&quot;background_background&quot;:&quot;classic&quot;,&quot;animation&quot;:&quot;fadeInLeft&quot;}\">\n\t\t\t<div class=\"elementor-widget-wrap elementor-element-populated\">\n\t\t\t\t\t<div class=\"elementor-background-overlay\"><\/div>\n\t\t\t\t\t\t\t\t<div class=\"elementor-element elementor-element-d9c7f33 elementor-widget elementor-widget-spacer\" data-id=\"d9c7f33\" data-element_type=\"widget\" data-widget_type=\"spacer.default\">\n\t\t\t\t<div class=\"elementor-widget-container\">\n\t\t\t<style>\/*! elementor - v3.8.1 - 13-11-2022 *\/\n.elementor-column .elementor-spacer-inner{height:var(--spacer-size)}.e-con{--container-widget-width:100%}.e-con-inner>.elementor-widget-spacer,.e-con>.elementor-widget-spacer{width:var(--container-widget-width,var(--spacer-size));-ms-flex-item-align:stretch;align-self:stretch;-ms-flex-negative:0;flex-shrink:0}.e-con-inner>.elementor-widget-spacer>.elementor-widget-container,.e-con-inner>.elementor-widget-spacer>.elementor-widget-container>.elementor-spacer,.e-con>.elementor-widget-spacer>.elementor-widget-container,.e-con>.elementor-widget-spacer>.elementor-widget-container>.elementor-spacer{height:100%}.e-con-inner>.elementor-widget-spacer>.elementor-widget-container>.elementor-spacer>.elementor-spacer-inner,.e-con>.elementor-widget-spacer>.elementor-widget-container>.elementor-spacer>.elementor-spacer-inner{height:var(--container-widget-height,var(--spacer-size))}<\/style>\t\t<div class=\"elementor-spacer\">\n\t\t\t<div class=\"elementor-spacer-inner\"><\/div>\n\t\t<\/div>\n\t\t\t\t<\/div>\n\t\t\t\t<\/div>\n\t\t\t\t\t<\/div>\n\t\t<\/div>\n\t\t\t\t<div class=\"elementor-column elementor-col-50 elementor-top-column elementor-element elementor-element-42d83023\" data-id=\"42d83023\" data-element_type=\"column\" data-settings=\"{&quot;background_background&quot;:&quot;classic&quot;}\">\n\t\t\t<div class=\"elementor-widget-wrap elementor-element-populated\">\n\t\t\t\t\t<div class=\"elementor-background-overlay\"><\/div>\n\t\t\t\t\t\t\t\t<div class=\"elementor-element elementor-element-49551a2e elementor-widget elementor-widget-heading\" data-id=\"49551a2e\" data-element_type=\"widget\" data-widget_type=\"heading.default\">\n\t\t\t\t<div class=\"elementor-widget-container\">\n\t\t\t<h5 class=\"elementor-heading-title elementor-size-default\">W\u00earom Posthumus Ynstallaasjebedriuw Gerdyk?<\/h5>\t\t<\/div>\n\t\t\t\t<\/div>\n\t\t\t\t<div class=\"elementor-element elementor-element-5beb03d4 elementor-widget elementor-widget-heading\" data-id=\"5beb03d4\" data-element_type=\"widget\" data-widget_type=\"heading.default\">\n\t\t\t\t<div class=\"elementor-widget-container\">\n\t\t\t<h2 class=\"elementor-heading-title elementor-size-default\">POSTHUMUS HAT EACH FOAR DETAIL<\/h2>\t\t<\/div>\n\t\t\t\t<\/div>\n\t\t\t\t<div class=\"elementor-element elementor-element-3ea2a01a elementor-widget elementor-widget-text-editor\" data-id=\"3ea2a01a\" data-element_type=\"widget\" data-widget_type=\"text-editor.default\">\n\t\t\t\t<div class=\"elementor-widget-container\">\n\t\t\t\t\t\t\t<p>Ynstallaasjewurk Posthumus \u00fat Gerdyk is spesjalisearre yn de oanlis fan sintrale ferwaarming\/waarmtepompen, mar is fan alle merken th\u00fas. Us alsidigens fine jo sawol yn \u00fas tsjinsten as yn de sektoaren d\u00ear\u2019t wy foar wurkje. Us klantekring bestiet \u00fat de sektoaren: Partikulier, oannimmers\/timmerbedriuwen en de oerheid. &nbsp; &nbsp;<\/p>\t\t\t\t\t\t<\/div>\n\t\t\t\t<\/div>\n\t\t\t\t<div class=\"elementor-element elementor-element-1c0eb6b2 elementor-align-left elementor-widget elementor-widget-button\" data-id=\"1c0eb6b2\" data-element_type=\"widget\" data-widget_type=\"button.default\">\n\t\t\t\t<div class=\"elementor-widget-container\">\n\t\t\t\t\t<div class=\"elementor-button-wrapper\">\n\t\t\t<a href=\"https:\/\/posthumusgorredijk.nl\/frl\/diensten\/\" class=\"elementor-button-link elementor-button elementor-size-sm\" role=\"button\">\n\t\t\t\t\t\t<span class=\"elementor-button-content-wrapper\">\n\t\t\t\t\t\t<span class=\"elementor-button-text\">Us Tsjinsten<\/span>\n\t\t<\/span>\n\t\t\t\t\t<\/a>\n\t\t<\/div>\n\t\t\t\t<\/div>\n\t\t\t\t<\/div>\n\t\t\t\t\t<\/div>\n\t\t<\/div>\n\t\t\t\t\t\t\t<\/div>\n\t\t<\/section>\n\t\t\t\t<section class=\"elementor-section elementor-top-section elementor-element elementor-element-308df0d elementor-section-boxed elementor-section-height-default elementor-section-height-default\" data-id=\"308df0d\" data-element_type=\"section\" data-settings=\"{&quot;background_background&quot;:&quot;classic&quot;}\">\n\t\t\t\t\t\t<div class=\"elementor-container elementor-column-gap-default\">\n\t\t\t\t\t<div class=\"elementor-column elementor-col-100 elementor-top-column elementor-element elementor-element-8319d3e\" data-id=\"8319d3e\" data-element_type=\"column\">\n\t\t\t<div class=\"elementor-widget-wrap elementor-element-populated\">\n\t\t\t\t\t\t\t\t<div class=\"elementor-element elementor-element-03ba5a4 elementor-widget elementor-widget-heading\" data-id=\"03ba5a4\" data-element_type=\"widget\" data-widget_type=\"heading.default\">\n\t\t\t\t<div class=\"elementor-widget-container\">\n\t\t\t<h2 class=\"elementor-heading-title elementor-size-default\">FREEGJE IN OFFERTE OAN<\/h2>\t\t<\/div>\n\t\t\t\t<\/div>\n\t\t\t\t<div class=\"elementor-element elementor-element-2583f64 elementor-widget elementor-widget-text-editor\" data-id=\"2583f64\" data-element_type=\"widget\" data-widget_type=\"text-editor.default\">\n\t\t\t\t<div class=\"elementor-widget-container\">\n\t\t\t\t\t\t\t<p>Hasto help nedich fan Ynstallaasjewurk Posthumus? Freegje dan alhiel frijbliuwend in offerte oan. Beskriuw sa goed mooglik dyn situaasje. Dan dogge wy \u00fas b\u00east om sa fluch mooglik te reagearjen!<\/p>\t\t\t\t\t\t<\/div>\n\t\t\t\t<\/div>\n\t\t\t\t<div class=\"elementor-element elementor-element-b83bb29 elementor-align-center elementor-widget elementor-widget-button\" data-id=\"b83bb29\" data-element_type=\"widget\" data-widget_type=\"button.default\">\n\t\t\t\t<div class=\"elementor-widget-container\">\n\t\t\t\t\t<div class=\"elementor-button-wrapper\">\n\t\t\t<a href=\"https:\/\/posthumusgorredijk.nl\/frl\/offerte-aanvragen\/\" class=\"elementor-button-link elementor-button elementor-size-sm\" role=\"button\">\n\t\t\t\t\t\t<span class=\"elementor-button-content-wrapper\">\n\t\t\t\t\t\t<span class=\"elementor-button-text\">Offerte oanfreegje<\/span>\n\t\t<\/span>\n\t\t\t\t\t<\/a>\n\t\t<\/div>\n\t\t\t\t<\/div>\n\t\t\t\t<\/div>\n\t\t\t\t\t<\/div>\n\t\t<\/div>\n\t\t\t\t\t\t\t<\/div>\n\t\t<\/section>\n\t\t\t\t\t\t\t<\/div>","protected":false},"excerpt":{"rendered":"<p>Over ons Over Posthumus Installatiebedrijf Gorredijk Wie zijn wij? Ik (Janco Posthumus) ben 36 jaar en werk al sinds mijn 16e in de installatietechniek. Begonnen als stageloper bij een installatiebedrijf in Drachten en uitgegroeid tot een zelfstandig allround-installatiebedrijf. Vanaf 2006 bijna tien jaar als erkend installateur te hebben gewerkt besloot ik in 2015 het roer &hellip;<\/p>\n<p class=\"read-more\"> <a class=\"\" href=\"https:\/\/posthumusgorredijk.nl\/frl\/over-ons\/\"> <span class=\"screen-reader-text\">Oer \u00fas<\/span> Read More &raquo;<\/a><\/p>","protected":false},"author":1,"featured_media":0,"parent":0,"menu_order":0,"comment_status":"closed","ping_status":"closed","template":"","meta":{"site-sidebar-layout":"no-sidebar","site-content-layout":"page-builder","ast-global-header-display":"","ast-main-header-display":"","ast-hfb-above-header-display":"","ast-hfb-below-header-display":"","ast-hfb-mobile-header-display":"","site-post-title":"disabled","ast-breadcrumbs-content":"","ast-featured-img":"disabled","footer-sml-layout":"","theme-transparent-header-meta":"","adv-header-id-meta":"","stick-header-meta":"","header-above-stick-meta":"","header-main-stick-meta":"","header-below-stick-meta":"","footnotes":""},"_links":{"self":[{"href":"https:\/\/posthumusgorredijk.nl\/frl\/wp-json\/wp\/v2\/pages\/73"}],"collection":[{"href":"https:\/\/posthumusgorredijk.nl\/frl\/wp-json\/wp\/v2\/pages"}],"about":[{"href":"https:\/\/posthumusgorredijk.nl\/frl\/wp-json\/wp\/v2\/types\/page"}],"author":[{"embeddable":true,"href":"https:\/\/posthumusgorredijk.nl\/frl\/wp-json\/wp\/v2\/users\/1"}],"replies":[{"embeddable":true,"href":"https:\/\/posthumusgorredijk.nl\/frl\/wp-json\/wp\/v2\/comments?post=73"}],"version-history":[{"count":34,"href":"https:\/\/posthumusgorredijk.nl\/frl\/wp-json\/wp\/v2\/pages\/73\/revisions"}],"predecessor-version":[{"id":476,"href":"https:\/\/posthumusgorredijk.nl\/frl\/wp-json\/wp\/v2\/pages\/73\/revisions\/476"}],"wp:attachment":[{"href":"https:\/\/posthumusgorredijk.nl\/frl\/wp-json\/wp\/v2\/media?parent=73"}],"curies":[{"name":"wp","href":"https:\/\/api.w.org\/{rel}","templated":true}]}}